{"id":1822,"date":"2022-07-10T12:13:34","date_gmt":"2022-07-10T12:13:34","guid":{"rendered":"https:\/\/www.henech.com\/?page_id=1822"},"modified":"2022-07-10T19:07:48","modified_gmt":"2022-07-10T19:07:48","slug":"warranty-policy","status":"publish","type":"page","link":"https:\/\/www.henech.com\/de\/warranty-policy\/","title":{"rendered":"Garantiebestimmungen"},"content":{"rendered":"<div data-elementor-type=\"wp-page\" data-elementor-id=\"1822\" class=\"elementor elementor-1822\" data-elementor-post-type=\"page\">\n\t\t\t\t\t\t<section class=\"elementor-section elementor-top-section elementor-element elementor-element-aff5856 elementor-section-boxed elementor-section-height-default elementor-section-height-default\" data-id=\"aff5856\" data-element_type=\"section\" data-settings=\"{&quot;background_background&quot;:&quot;classic&quot;,&quot;_ha_eqh_enable&quot;:false}\">\n\t\t\t\t\t\t<div class=\"elementor-container elementor-column-gap-default\">\n\t\t\t\t\t<div class=\"elementor-column elementor-col-100 elementor-top-column elementor-element elementor-element-410b608\" data-id=\"410b608\" data-element_type=\"column\">\n\t\t\t<div class=\"elementor-widget-wrap elementor-element-populated\">\n\t\t\t\t\t\t<div class=\"elementor-element elementor-element-df6ffa9 elementor-icon-list--layout-inline elementor-align-center elementor-list-item-link-full_width elementor-widget elementor-widget-icon-list\" data-id=\"df6ffa9\" data-element_type=\"widget\" data-widget_type=\"icon-list.default\">\n\t\t\t\t<div class=\"elementor-widget-container\">\n\t\t\t\t\t\t\t<ul class=\"elementor-icon-list-items elementor-inline-items\">\n\t\t\t\t\t\t\t<li class=\"elementor-icon-list-item elementor-inline-item\">\n\t\t\t\t\t\t\t\t\t\t\t<a href=\"https:\/\/www.henech.com\/de\">\n\n\t\t\t\t\t\t\t\t\t\t\t<span class=\"elementor-icon-list-text\">Heim<\/span>\n\t\t\t\t\t\t\t\t\t\t\t<\/a>\n\t\t\t\t\t\t\t\t\t<\/li>\n\t\t\t\t\t\t\t\t<li class=\"elementor-icon-list-item elementor-inline-item\">\n\t\t\t\t\t\t\t\t\t\t\t<a href=\"https:\/\/www.henech.com\/de\/about-us\/\">\n\n\t\t\t\t\t\t\t\t\t\t\t\t<span class=\"elementor-icon-list-icon\">\n\t\t\t\t\t\t\t<i aria-hidden=\"true\" class=\"hm hm-arrow-right\"><\/i>\t\t\t\t\t\t<\/span>\n\t\t\t\t\t\t\t\t\t\t<span class=\"elementor-icon-list-text\">\u00dcber uns<\/span>\n\t\t\t\t\t\t\t\t\t\t\t<\/a>\n\t\t\t\t\t\t\t\t\t<\/li>\n\t\t\t\t\t\t\t\t<li class=\"elementor-icon-list-item elementor-inline-item\">\n\t\t\t\t\t\t\t\t\t\t\t<span class=\"elementor-icon-list-icon\">\n\t\t\t\t\t\t\t<i aria-hidden=\"true\" class=\"hm hm-arrow-right\"><\/i>\t\t\t\t\t\t<\/span>\n\t\t\t\t\t\t\t\t\t\t<span class=\"elementor-icon-list-text\"><\/span>\n\t\t\t\t\t\t\t\t\t<\/li>\n\t\t\t\t\t\t<\/ul>\n\t\t\t\t\t\t<\/div>\n\t\t\t\t<\/div>\n\t\t\t\t\t<\/div>\n\t\t<\/div>\n\t\t\t\t\t<\/div>\n\t\t<\/section>\n\t\t\t\t<section class=\"elementor-section elementor-top-section elementor-element elementor-element-43ff1e8 elementor-section-boxed elementor-section-height-default elementor-section-height-default\" data-id=\"43ff1e8\" data-element_type=\"section\" data-settings=\"{&quot;background_background&quot;:&quot;classic&quot;,&quot;_ha_eqh_enable&quot;:false}\">\n\t\t\t\t\t\t<div class=\"elementor-container elementor-column-gap-default\">\n\t\t\t\t\t<div class=\"elementor-column elementor-col-100 elementor-top-column elementor-element elementor-element-1ab66fc\" data-id=\"1ab66fc\" data-element_type=\"column\">\n\t\t\t<div class=\"elementor-widget-wrap elementor-element-populated\">\n\t\t\t\t\t\t<div class=\"elementor-element elementor-element-1d26661 elementor-widget elementor-widget-heading\" data-id=\"1d26661\" data-element_type=\"widget\" data-widget_type=\"heading.default\">\n\t\t\t\t<div class=\"elementor-widget-container\">\n\t\t\t\t\t<p class=\"elementor-heading-title elementor-size-default\">HENECH KING E-COMMERCE-GARANTIE<\/p>\t\t\t\t<\/div>\n\t\t\t\t<\/div>\n\t\t\t\t<div class=\"elementor-element elementor-element-e859758 elementor-widget elementor-widget-heading\" data-id=\"e859758\" data-element_type=\"widget\" data-widget_type=\"heading.default\">\n\t\t\t\t<div class=\"elementor-widget-container\">\n\t\t\t\t\t<p class=\"elementor-heading-title elementor-size-default\">Terms &amp; Conditions<\/p>\t\t\t\t<\/div>\n\t\t\t\t<\/div>\n\t\t\t\t<div class=\"elementor-element elementor-element-b0057c0 elementor-widget elementor-widget-text-editor\" data-id=\"b0057c0\" data-element_type=\"widget\" data-widget_type=\"text-editor.default\">\n\t\t\t\t<div class=\"elementor-widget-container\">\n\t\t\t\t\t\t\t\t\t<p><em>Diese eingeschr\u00e4nkte Garantie enth\u00e4lt die einzige ausdr\u00fcckliche Garantie von (\u201eHenech King\u201c) E-Commerce und unsere Plattform, alle neuen Produkte, die vom Unternehmen (\u201eGesch\u00e4fte\u201c) verkauft werden. <strong>DURCH DEN KAUF ODER DIE ANNAHME DES PRODUKTS ERKENNT DER K\u00c4UFER AN, DASS DIE HAFTUNGSBESCHR\u00c4NKUNG TEIL DER VERKAUFSBEDINGUNGEN IST, EINE VERBINDLICHE VEREINBARUNG DARSTELLT UND VOM UNTERNEHMEN GEGEN\u00dcBER IHNEN DURCHSETZT WERDEN KANN<\/strong>. Jegliche Garantien gelten, wenn sie separat schriftlich bereitgestellt werden, nur f\u00fcr den K\u00e4ufer, dessen Name auf der Rechnung und\/oder dem Vertrag des Unternehmens aufgef\u00fchrt ist. Alle Produkte sind gegebenenfalls durch die Herstellergarantie abgedeckt, und das Unternehmen ist nicht verantwortlich f\u00fcr solche Garantieleistungen oder -anspr\u00fcche, au\u00dfer wie hierin festgelegt. Das Unternehmen ist nicht verpflichtet, Garantieleistungen oder -verpflichtungen zu erbringen, es sei denn, der K\u00e4ufer hat seine Eink\u00e4ufe gem\u00e4\u00df dieser oder einer anderen Unternehmensrechnung vollst\u00e4ndig bezahlt.<\/em><\/p><p><strong><em>Garantieabdeckung<\/em><\/strong><em> \u2013 Das Unternehmen garantiert dem urspr\u00fcnglichen K\u00e4ufer, dass das\/die Produkt(e) frei von Material- oder Verarbeitungsfehlern f\u00fcr einen Zeitraum von einem Jahr f\u00fcr die Arbeit und ein Jahr f\u00fcr Teile ab dem Datum der Originalrechnung sind, mit Ausnahme von Costco. Das von Costco gekaufte Produkt erh\u00e4lt einen Zeitraum von zwei Jahren f\u00fcr die Arbeit und zwei Jahre f\u00fcr die Teile ab dem Datum der Originalrechnung. Das Unternehmen entscheidet nach eigenem Ermessen, ob das Produkt unter die Garantie f\u00fcr Arbeit und\/oder die Garantie f\u00fcr Teile f\u00e4llt. Sollten die vom Unternehmen gelieferten Produkte nachweisen und\/oder Garantie f\u00fcr Teile geben. Sollten sich die vom Unternehmen gelieferten Produkte aufgrund von unsachgem\u00e4\u00dfer Verarbeitung oder Material als nach vern\u00fcnftigem Ermessen des Unternehmens erweisen, verpflichtet sich das Unternehmen, das Produkt nach eigenem Ermessen entweder kostenlos zu reparieren oder zu ersetzen, ausgenommen Versand- oder Bearbeitungsgeb\u00fchren. Das Unternehmen ist nicht verantwortlich f\u00fcr Software oder Daten, die auf dem urspr\u00fcnglich vom Unternehmen gelieferten Produkt installiert sind. Diese Garantie gilt nicht f\u00fcr Software, externe Ger\u00e4te, Zubeh\u00f6r oder andere Teile, die einem System des Unternehmens hinzugef\u00fcgt wurden, nachdem das System vom Unternehmen versandt wurde, oder Zubeh\u00f6r oder Teile, die nicht im Werk des Unternehmens installiert wurden. Monitore, Tastaturen und M\u00e4use, die in der Standardpreisliste des Unternehmens enthalten sind, fallen unter diese Garantie; alle anderen Monitore, Tastaturen und M\u00e4use sind nicht abgedeckt. Jedes Teil, das im Rahmen dieser Garantie repariert oder ersetzt wird, wird selbst nur f\u00fcr den Rest der Garantiezeit des reparierten oder ersetzten Originalprodukts garantiert.<\/em><\/p><p><strong><em>Gew\u00e4hrleistungsausschluss<\/em><\/strong><em> \u2013 Au\u00dfer wie hierin festgelegt, lehnt das Unternehmen alle Gew\u00e4hrleistungen einschlie\u00dflich stillschweigender Gew\u00e4hrleistungen im gesetzlich zul\u00e4ssigen Umfang ab (soweit sie nicht ausgeschlossen werden k\u00f6nnen, beschr\u00e4nkt das Unternehmen die Dauer solcher stillschweigenden Gew\u00e4hrleistungen auf die Dauer dieser eingeschr\u00e4nkten Gew\u00e4hrleistung); Das Unternehmen lehnt alle Gew\u00e4hrleistungen und Zusicherungen ab, die nicht ausdr\u00fccklich in diesem Vertrag angegeben sind; Jegliche Garantien gelten, wenn sie gesondert schriftlich bereitgestellt werden, nur f\u00fcr den K\u00e4ufer, dessen Name auf dieser Rechnung\/diesem Vertrag aufgef\u00fchrt ist. Garantien decken keine Produkte ab, die durch externe Ursachen besch\u00e4digt wurden, einschlie\u00dflich Unfall, Missbrauch, Missbrauch, unsachgem\u00e4\u00dfe Installation, Probleme mit der Stromversorgung, Handlungen Dritter, Produkte, die von irgendjemandem ge\u00e4ndert oder repariert wurden, Handlungen Dritter, Produkte, die ge\u00e4ndert wurden oder von jemandem repariert, der nicht vom Unternehmen autorisiert ist, Verwendung nicht in \u00dcbereinstimmung mit den dem Produkt\/den Produkten beiliegenden Anweisungen oder Nichtdurchf\u00fchrung der erforderlichen vorbeugenden Wartung, einschlie\u00dflich, aber nicht beschr\u00e4nkt auf Backups, Probleme, die durch die Verwendung von Software, Teilen und Komponenten verursacht werden, die nicht von geliefert wurden Unternehmen, Wetterbedingungen, Blitz, Feuer, Wasser oder andere Naturereignisse oder h\u00f6here Gewalt; Das Unternehmen ist nicht verpflichtet, Garantieleistungen oder -verpflichtungen zu erbringen, es sei denn, der Kunde hat seine Rechnungen im Rahmen dieser oder einer anderen Unternehmensrechnung vollst\u00e4ndig bezahlt.<\/em><\/p><p><strong><em>Garantie anfordern<\/em><\/strong><em> \u2013 Sie m\u00fcssen innerhalb der geltenden Garantiezeit anrufen. Siehe die Telefonnummer in den mit Ihrem Produkt gelieferten Garantieunterlagen oder rufen Sie das Unternehmen unter an <strong>(+233) 201766535.<\/strong> Sollte Ihre Garantie genehmigt und verifiziert werden. Das Unternehmen stellt eine RMA-Nummer (Return Merchandise Authorization) aus, die f\u00fcnfzehn (15) Tage lang g\u00fcltig ist. Nicht defekte Ware wird frachtfrei per Nachnahme an den Absender zur\u00fcckgesandt. Sie m\u00fcssen die Versandkosten des Produkts vorausbezahlt versenden. Und stellen Sie den Versand sicher oder \u00fcbernehmen Sie das Risiko von Verlust oder Besch\u00e4digung w\u00e4hrend des Versands. Das Unternehmen wird Ihnen die reparierten oder ersetzten Produkte frachtfrei zusenden, wenn Sie eine Adresse in den USA verwenden. Lieferungen an andere Orte erfolgen unfrei. F\u00fcr alle Sendungen au\u00dferhalb der Vereinigten Staaten sind alle Einfuhrz\u00f6lle, Steuern und Maklergeb\u00fchren nicht im Produktpreis oder den Versand- und Bearbeitungskosten enthalten und werden bei Lieferung von den Spediteuren f\u00fcr bestimmte Pakete erhoben. Diese Geb\u00fchren gehen zu Lasten des Empf\u00e4ngers.<\/em><\/p><p><strong><em>Versand des Produkts <\/em><\/strong><em>\u2013 Senden Sie das\/die Produkt(e) in der Originalverpackung oder einer gleichwertigen Verpackung an das Unternehmen zur\u00fcck. Markieren Sie die RMA-Nummer deutlich auf der Au\u00dfenseite des Kartons. HINWEIS: Sie sind f\u00fcr Ihre Software und Daten verantwortlich. Das Unternehmen ist nicht verpflichtet, Sie \u00fcber geeignete Sicherungs- und andere Verfahren zu informieren oder daran zu erinnern. Das Unternehmen ist nicht verantwortlich f\u00fcr verlorene Daten oder Software in Ihrem Produkt.<\/em><\/p><p><strong><em>Reparatur Ihres Produkts<\/em><\/strong><em> -Das Unternehmen besitzt alle Teile, die von reparierten Produkten entfernt wurden. Das Unternehmen verwendet neue und \u00fcberholte Teile verschiedener Hersteller, um Garantiereparaturen durchzuf\u00fchren und Ersatzprodukte herzustellen. Wenn das Unternehmen ein Produkt repariert oder ersetzt, wird die Garantiezeit nicht verl\u00e4ngert. Das Unternehmen erstattet dem K\u00e4ufer keine Reparaturen oder Ersatzlieferungen durch andere Personen als das Unternehmen oder eine nicht vom Unternehmen autorisierte Person.<\/em><\/p><p><strong><em>Lieferung &amp; Verlustrisiko<\/em><\/strong><em> \u2013 Der Versand aller Produkte erfolgt am FOB-Ursprungsort, wie vom Unternehmen festgelegt. Das gesamte Verlustrisiko geht auf den K\u00e4ufer \u00fcber, wenn er den Spediteur, den K\u00e4ufer oder den Agenten oder Mitarbeiter des K\u00e4ufers im Lager des Unternehmens oder an einem anderen vom Unternehmen bezeichneten Ort angibt. Der K\u00e4ufer muss dem Unternehmen alle M\u00e4ngel oder Unstimmigkeiten innerhalb von sieben (7) Tagen nach Erhalt schriftlich melden. Andernfalls wird davon ausgegangen, dass der K\u00e4ufer die Waren in zufriedenstellender Weise gem\u00e4\u00df den Bestimmungen des Einheitlichen Handelsgesetzbuchs angenommen hat. Jeder Mangel oder Schaden w\u00e4hrend des Transports muss dem Spediteur unverz\u00fcglich gemeldet werden und das Unternehmen lehnt jegliche Haftung im Zusammenhang mit solchen Verlusten ab.<\/em> <\/p>\t\t\t\t\t\t\t\t<\/div>\n\t\t\t\t<\/div>\n\t\t\t\t<div class=\"elementor-element elementor-element-ee126f0 elementor-widget elementor-widget-text-editor\" data-id=\"ee126f0\" data-element_type=\"widget\" data-widget_type=\"text-editor.default\">\n\t\t\t\t<div class=\"elementor-widget-container\">\n\t\t\t\t\t\t\t\t\t<p><strong><em>Haftungsbeschr\u00e4nkung <\/em><\/strong><em>\u2013 <strong><u>DAS EINZIGE UND AUSSCHLIESSLICHE RECHTSMITTEL DES K\u00c4UFERS UND DIE EINZIGE HAFTUNG DES UNTERNEHMENS F\u00dcR VERLUSTE ODER SCH\u00c4DEN, DIE AUS DEM KAUF ODER DER VERWENDUNG DES PRODUKTS ENTSTEHEN, SIND AUF REPARATUR ODER ERSATZ DES PRODUKTS NACH EIGENEM ERMESSEN DES UNTERNEHMENS BESCHR\u00c4NKT.<\/u><\/strong><\/em><\/p><p><strong><em><u>DAS UNTERNEHMEN HAFTET IN KEINEM FALL F\u00dcR NUTZUNGSAUSF\u00c4LLE, EINNAHMEN ODER VORAUSSICHTLICHE GEWINNE ODER F\u00dcR DIREKTE, INDIREKTE ODER FOLGESCH\u00c4DEN, DIE SICH AUS ODER IM ZUSAMMENHANG MIT DEM VERKAUF, DER NUTZUNG, DEM BETRIEB ODER DER UNM\u00d6GLICHKEIT DER NUTZUNG DER VOM UNTERNEHMEN ERWORBENEN PRODUKTE ERGEBEN SOWEIT GESETZLICH ZUL\u00c4SSIG, \u00dcBERNIMMT DAS UNTERNEHMEN KEINE ANDEREN AUSDR\u00dcCKLICHEN ODER STILLSCHWEIGENDEN ZUSICHERUNGEN ODER GEW\u00c4HRLEISTUNGEN, EINSCHLIESSLICH, OHNE EINSCHR\u00c4NKUNG, GEW\u00c4HRLEISTUNGEN DER MARKTF\u00c4HIGKEIT ODER EIGNUNG F\u00dcR EINEN BESTIMMTEN ZWECK, UND ALLE SOLCHEN GEW\u00c4HRLEISTUNGEN WERDEN AUSDR\u00dcCKLICH AUSGESCHLOSSEN, SOWEIT GESETZLICH ZUL\u00c4SSIG (NACH DER SOWEIT SIE NICHT AUSGESCHLOSSEN WERDEN K\u00d6NNEN, BESCHR\u00c4NKT DAS UNTERNEHMEN DIE DAUER SOLCHER STILLSCHWEIGENDER GEW\u00c4HRLEISTUNGEN AUF DIE DAUER DIESER EINGESCHR\u00c4NKTEN GEW\u00c4HRLEISTUNG). IN KEINEM FALL \u00dcBERSTEIGT DIE HAFTUNG DES UNTERNEHMENS DEN VOM K\u00c4UFER BEZAHLTEN BETRAG F\u00dcR DAS JEWEILIGE DEFEKTE PRODUKT. DIESE HAFTUNGSBESCHR\u00c4NKUNG GILT F\u00dcR JEDEN VORGESTELLTEN ANSPRUCH, UNABH\u00c4NGIG DAVON, OB DIE RECHTSTHEORIE, DIE DIE GRUNDLAGE EINES SOLCHEN ANSPRUCHS BILDET, EINEN VERTRAG, UNERLAUBTE HANDLUNG, FAHRL\u00c4SSIGKEIT, STRENGE HAFTUNG, GESETZE, VERORDNUNGEN, VERBRAUCHERSCHUTZGESETZE ODER<\/u><\/em><\/strong><\/p><p><strong><em><u>DIE RECHTSTHEORIE, DIE DIE GRUNDLAGE EINES SOLCHEN ANSPRUCHS BILDET, UMFASST VERTRAG, UNERLAUBTE HANDLUNG, FAHRL\u00c4SSIGKEIT, VERPFLICHTETE HAFTUNG, GESETZ, VERORDNUNG, VERBRAUCHERSCHUTZGESETZE ODER ANDERES.<\/u><\/em><\/strong><\/p>\t\t\t\t\t\t\t\t<\/div>\n\t\t\t\t<\/div>\n\t\t\t\t\t<\/div>\n\t\t<\/div>\n\t\t\t\t\t<\/div>\n\t\t<\/section>\n\t\t\t\t<\/div>","protected":false},"excerpt":{"rendered":"<p>Home About Us HENECH KING E-COMMERCE WARRANTY Terms &#038; Conditions This Limited Warranty contains the sole express warranty made by (\u201cHenech King\u201d) e-commerce and our platform, all new products sold by the Company (\u201cstores\u201d). BY PURCHASING OR ACCEPTING THE PRODUCT, THE BUYER ACKNOWLEDGES THAT THE LIMITATION OF LIABILITY IS PART OF THE TERMS OF SALE, [&hellip;]<\/p>","protected":false},"author":1,"featured_media":0,"parent":0,"menu_order":0,"comment_status":"closed","ping_status":"closed","template":"elementor_header_footer","meta":{"_monsterinsights_skip_tracking":false,"_monsterinsights_sitenote_active":false,"_monsterinsights_sitenote_note":"","_monsterinsights_sitenote_category":0,"footnotes":""},"class_list":["post-1822","page","type-page","status-publish","hentry"],"yoast_head":"<!-- This site is optimized with the Yoast SEO Premium plugin v23.5 (Yoast SEO v23.6) - https:\/\/yoast.com\/wordpress\/plugins\/seo\/ -->\n<title>Warranty Policy | Henech King - Premier e-commerce Destination Platform for Global Clientele<\/title>\n<meta name=\"description\" content=\"Home About Us HENECH KING E-COMMERCE WARRANTY Terms &amp; Conditions This Limited Warranty contains the sole express warranty made by (\u201cHenech King\u201d)\" \/>\n<meta name=\"robots\" content=\"index, follow, max-snippet:-1, max-image-preview:large, max-video-preview:-1\" \/>\n<link rel=\"canonical\" href=\"https:\/\/www.henech.com\/de\/warranty-policy\/\" \/>\n<meta property=\"og:locale\" content=\"de_DE\" \/>\n<meta property=\"og:type\" content=\"article\" \/>\n<meta property=\"og:title\" content=\"Warranty Policy\" \/>\n<meta property=\"og:description\" content=\"Home About Us HENECH KING E-COMMERCE WARRANTY Terms &amp; Conditions This Limited Warranty contains the sole express warranty made by (\u201cHenech King\u201d)\" \/>\n<meta property=\"og:url\" content=\"https:\/\/www.henech.com\/de\/warranty-policy\/\" \/>\n<meta property=\"og:site_name\" content=\"Henech King - Premier e-commerce Destination Platform for Global Clientele\" \/>\n<meta property=\"article:modified_time\" content=\"2022-07-10T19:07:48+00:00\" \/>\n<meta property=\"og:image\" content=\"https:\/\/www.henech.com\/wp-content\/uploads\/2022\/07\/about-us-2-Henech-King.jpg\" \/>\n\t<meta property=\"og:image:width\" content=\"1200\" \/>\n\t<meta property=\"og:image:height\" content=\"628\" \/>\n\t<meta property=\"og:image:type\" content=\"image\/jpeg\" \/>\n<meta name=\"twitter:card\" content=\"summary_large_image\" \/>\n<meta name=\"twitter:site\" content=\"@HenechKing\" \/>\n<meta name=\"twitter:label1\" content=\"Gesch\u00e4tzte Lesezeit\" \/>\n\t<meta name=\"twitter:data1\" content=\"6 Minuten\" \/>\n<script type=\"application\/ld+json\" class=\"yoast-schema-graph\">{\"@context\":\"https:\/\/schema.org\",\"@graph\":[{\"@type\":\"WebPage\",\"@id\":\"https:\/\/www.henech.com\/warranty-policy\/\",\"url\":\"https:\/\/www.henech.com\/warranty-policy\/\",\"name\":\"Warranty Policy | Henech King - Premier e-commerce Destination Platform for Global Clientele\",\"isPartOf\":{\"@id\":\"https:\/\/www.henech.com\/#website\"},\"datePublished\":\"2022-07-10T12:13:34+00:00\",\"dateModified\":\"2022-07-10T19:07:48+00:00\",\"description\":\"Home About Us HENECH KING E-COMMERCE WARRANTY Terms & Conditions This Limited Warranty contains the sole express warranty made by (\u201cHenech King\u201d)\",\"breadcrumb\":{\"@id\":\"https:\/\/www.henech.com\/warranty-policy\/#breadcrumb\"},\"inLanguage\":\"de\",\"potentialAction\":[{\"@type\":\"ReadAction\",\"target\":[\"https:\/\/www.henech.com\/warranty-policy\/\"]}]},{\"@type\":\"BreadcrumbList\",\"@id\":\"https:\/\/www.henech.com\/warranty-policy\/#breadcrumb\",\"itemListElement\":[{\"@type\":\"ListItem\",\"position\":1,\"name\":\"Home\",\"item\":\"https:\/\/www.henech.com\/\"},{\"@type\":\"ListItem\",\"position\":2,\"name\":\"Warranty Policy\"}]},{\"@type\":\"WebSite\",\"@id\":\"https:\/\/www.henech.com\/#website\",\"url\":\"https:\/\/www.henech.com\/\",\"name\":\"Henech King - Premier e-commerce Destination Platform for Global Clientele\",\"description\":\"KING BIOSPHERE HAS MOUNTED - DISCOVER BEST QUALITY PRODUCTS\",\"publisher\":{\"@id\":\"https:\/\/www.henech.com\/#organization\"},\"alternateName\":\"Henech King\",\"potentialAction\":[{\"@type\":\"SearchAction\",\"target\":{\"@type\":\"EntryPoint\",\"urlTemplate\":\"https:\/\/www.henech.com\/?s={search_term_string}\"},\"query-input\":{\"@type\":\"PropertyValueSpecification\",\"valueRequired\":true,\"valueName\":\"search_term_string\"}}],\"inLanguage\":\"de\"},{\"@type\":\"Organization\",\"@id\":\"https:\/\/www.henech.com\/#organization\",\"name\":\"HENECH KING\",\"alternateName\":\"Henech King - Best eCommerce Website In Ghana\",\"url\":\"https:\/\/www.henech.com\/\",\"logo\":{\"@type\":\"ImageObject\",\"inLanguage\":\"de\",\"@id\":\"https:\/\/www.henech.com\/#\/schema\/logo\/image\/\",\"url\":\"https:\/\/www.henech.com\/wp-content\/uploads\/2022\/06\/New-Logo-Small-Web-HENECH-KING-ECOMMERCE-PLATFORM-min.png\",\"contentUrl\":\"https:\/\/www.henech.com\/wp-content\/uploads\/2022\/06\/New-Logo-Small-Web-HENECH-KING-ECOMMERCE-PLATFORM-min.png\",\"width\":392,\"height\":187,\"caption\":\"HENECH KING\"},\"image\":{\"@id\":\"https:\/\/www.henech.com\/#\/schema\/logo\/image\/\"},\"sameAs\":[\"https:\/\/x.com\/HenechKing\",\"https:\/\/www.instagram.com\/henechking\/\"]}]}<\/script>\n<!-- \/ Yoast SEO Premium plugin. -->","yoast_head_json":{"title":"Warranty Policy | Henech King - Premier e-commerce Destination Platform for Global Clientele","description":"Home About Us HENECH KING E-COMMERCE WARRANTY Terms & Conditions This Limited Warranty contains the sole express warranty made by (\u201cHenech King\u201d)","robots":{"index":"index","follow":"follow","max-snippet":"max-snippet:-1","max-image-preview":"max-image-preview:large","max-video-preview":"max-video-preview:-1"},"canonical":"https:\/\/www.henech.com\/de\/warranty-policy\/","og_locale":"de_DE","og_type":"article","og_title":"Warranty Policy","og_description":"Home About Us HENECH KING E-COMMERCE WARRANTY Terms & Conditions This Limited Warranty contains the sole express warranty made by (\u201cHenech King\u201d)","og_url":"https:\/\/www.henech.com\/de\/warranty-policy\/","og_site_name":"Henech King - Premier e-commerce Destination Platform for Global Clientele","article_modified_time":"2022-07-10T19:07:48+00:00","og_image":[{"width":1200,"height":628,"url":"https:\/\/www.henech.com\/wp-content\/uploads\/2022\/07\/about-us-2-Henech-King.jpg","type":"image\/jpeg"}],"twitter_card":"summary_large_image","twitter_site":"@HenechKing","twitter_misc":{"Gesch\u00e4tzte Lesezeit":"6 Minuten"},"schema":{"@context":"https:\/\/schema.org","@graph":[{"@type":"WebPage","@id":"https:\/\/www.henech.com\/warranty-policy\/","url":"https:\/\/www.henech.com\/warranty-policy\/","name":"Warranty Policy | Henech King - Premier e-commerce Destination Platform for Global Clientele","isPartOf":{"@id":"https:\/\/www.henech.com\/#website"},"datePublished":"2022-07-10T12:13:34+00:00","dateModified":"2022-07-10T19:07:48+00:00","description":"Home About Us HENECH KING E-COMMERCE WARRANTY Terms & Conditions This Limited Warranty contains the sole express warranty made by (\u201cHenech King\u201d)","breadcrumb":{"@id":"https:\/\/www.henech.com\/warranty-policy\/#breadcrumb"},"inLanguage":"de","potentialAction":[{"@type":"ReadAction","target":["https:\/\/www.henech.com\/warranty-policy\/"]}]},{"@type":"BreadcrumbList","@id":"https:\/\/www.henech.com\/warranty-policy\/#breadcrumb","itemListElement":[{"@type":"ListItem","position":1,"name":"Home","item":"https:\/\/www.henech.com\/"},{"@type":"ListItem","position":2,"name":"Warranty Policy"}]},{"@type":"WebSite","@id":"https:\/\/www.henech.com\/#website","url":"https:\/\/www.henech.com\/","name":"Henech King - Premier e-commerce Destination Platform for Global Clientele","description":"KING BIOSPHERE HAS MOUNTED - DISCOVER BEST QUALITY PRODUCTS","publisher":{"@id":"https:\/\/www.henech.com\/#organization"},"alternateName":"Henech King","potentialAction":[{"@type":"SearchAction","target":{"@type":"EntryPoint","urlTemplate":"https:\/\/www.henech.com\/?s={search_term_string}"},"query-input":{"@type":"PropertyValueSpecification","valueRequired":true,"valueName":"search_term_string"}}],"inLanguage":"de"},{"@type":"Organization","@id":"https:\/\/www.henech.com\/#organization","name":"HENECH KING","alternateName":"Henech King - Best eCommerce Website In Ghana","url":"https:\/\/www.henech.com\/","logo":{"@type":"ImageObject","inLanguage":"de","@id":"https:\/\/www.henech.com\/#\/schema\/logo\/image\/","url":"https:\/\/www.henech.com\/wp-content\/uploads\/2022\/06\/New-Logo-Small-Web-HENECH-KING-ECOMMERCE-PLATFORM-min.png","contentUrl":"https:\/\/www.henech.com\/wp-content\/uploads\/2022\/06\/New-Logo-Small-Web-HENECH-KING-ECOMMERCE-PLATFORM-min.png","width":392,"height":187,"caption":"HENECH KING"},"image":{"@id":"https:\/\/www.henech.com\/#\/schema\/logo\/image\/"},"sameAs":["https:\/\/x.com\/HenechKing","https:\/\/www.instagram.com\/henechking\/"]}]}},"_links":{"self":[{"href":"https:\/\/www.henech.com\/de\/wp-json\/wp\/v2\/pages\/1822"}],"collection":[{"href":"https:\/\/www.henech.com\/de\/wp-json\/wp\/v2\/pages"}],"about":[{"href":"https:\/\/www.henech.com\/de\/wp-json\/wp\/v2\/types\/page"}],"author":[{"embeddable":true,"href":"https:\/\/www.henech.com\/de\/wp-json\/wp\/v2\/users\/1"}],"replies":[{"embeddable":true,"href":"https:\/\/www.henech.com\/de\/wp-json\/wp\/v2\/comments?post=1822"}],"version-history":[{"count":5,"href":"https:\/\/www.henech.com\/de\/wp-json\/wp\/v2\/pages\/1822\/revisions"}],"predecessor-version":[{"id":1844,"href":"https:\/\/www.henech.com\/de\/wp-json\/wp\/v2\/pages\/1822\/revisions\/1844"}],"wp:attachment":[{"href":"https:\/\/www.henech.com\/de\/wp-json\/wp\/v2\/media?parent=1822"}],"curies":[{"name":"wp","href":"https:\/\/api.w.org\/{rel}","templated":true}]}}